{"id":310,"date":"2022-02-14T20:26:47","date_gmt":"2022-02-14T20:26:47","guid":{"rendered":"https:\/\/cd.studio91.ca\/?page_id=310"},"modified":"2022-03-10T16:04:24","modified_gmt":"2022-03-10T21:04:24","slug":"etape-8-de-la-mise-en-oeuvre-de-la-dc","status":"publish","type":"page","link":"https:\/\/www.continuousdistribution.org\/fr\/etapes-pour-la-mise-en-oeuvre\/etape-8-de-la-mise-en-oeuvre-de-la-dc\/","title":{"rendered":"\u00c9tape 8: \u00c9laborer un plan et des outils de S&#038;E et les mettre en \u0153uvre"},"content":{"rendered":"","protected":false},"excerpt":{"rendered":"","protected":false},"author":1,"featured_media":0,"parent":293,"menu_order":8,"comment_status":"closed","ping_status":"closed","template":"","meta":{"_acf_changed":false,"inline_featured_image":false,"footnotes":""},"class_list":["post-310","page","type-page","status-publish","hentry"],"acf":[],"aioseo_notices":[],"_links":{"self":[{"href":"https:\/\/www.continuousdistribution.org\/fr\/wp-json\/wp\/v2\/pages\/310","targetHints":{"allow":["GET"]}}],"collection":[{"href":"https:\/\/www.continuousdistribution.org\/fr\/wp-json\/wp\/v2\/pages"}],"about":[{"href":"https:\/\/www.continuousdistribution.org\/fr\/wp-json\/wp\/v2\/types\/page"}],"author":[{"embeddable":true,"href":"https:\/\/www.continuousdistribution.org\/fr\/wp-json\/wp\/v2\/users\/1"}],"replies":[{"embeddable":true,"href":"https:\/\/www.continuousdistribution.org\/fr\/wp-json\/wp\/v2\/comments?post=310"}],"version-history":[{"count":0,"href":"https:\/\/www.continuousdistribution.org\/fr\/wp-json\/wp\/v2\/pages\/310\/revisions"}],"up":[{"embeddable":true,"href":"https:\/\/www.continuousdistribution.org\/fr\/wp-json\/wp\/v2\/pages\/293"}],"wp:attachment":[{"href":"https:\/\/www.continuousdistribution.org\/fr\/wp-json\/wp\/v2\/media?parent=310"}],"curies":[{"name":"wp","href":"https:\/\/api.w.org\/{rel}","templated":true}]}}