{"id":280,"date":"2022-02-14T20:20:15","date_gmt":"2022-02-14T20:20:15","guid":{"rendered":"https:\/\/cd.studio91.ca\/?page_id=280"},"modified":"2022-03-09T17:40:57","modified_gmt":"2022-03-09T22:40:57","slug":"utilisation-de-la-boite-a-outils-dc","status":"publish","type":"page","link":"https:\/\/www.continuousdistribution.org\/fr\/contexte\/utilisation-de-la-boite-a-outils-dc\/","title":{"rendered":"Utilisation de la bo\u00eete \u00e0 outils DC"},"content":{"rendered":"<h2>\u00c0 quoi servent ce guide et cette bo\u00eete \u00e0 outils en ligne\u00a0?<\/h2>\n<p>Cette bo\u00eete \u00e0 outils en ligne propose des orientations et outils destin\u00e9s \u00e0 soutenir les planificateurs et responsables de programmes de distribution continue de MII. Ce guide pratique de planification et de gestion vise aussi \u00e0 assurer que toutes les ressources actuellement disponibles \u00e0 l\u2019appui des processus de planification, de gestion et de mise en \u0153uvre soient faciles d\u2019acc\u00e8s.<\/p>\n<h2>\u00c0 qui s\u2019adressent ce guide et cette bo\u00eete \u00e0 outils\u00a0?<\/h2>\n<p>Cette bo\u00eete \u00e0 outils en ligne est con\u00e7ue pour soutenir les planificateurs et responsables de programmes de distribution continue de MII. Dans la plupart des cas, les m\u00eames personnes sont en charge de la planification et de la gestion globales des strat\u00e9gies de distribution de MII\u00a0; c\u2019est un facteur important car la distribution continue de MII ne peut se faire en vase clos, mais doit \u00eatre int\u00e9gr\u00e9e \u00e0 une strat\u00e9gie globale visant \u00e0 accro\u00eetre et maintenir l\u2019acc\u00e8s universel aux MII pour les populations expos\u00e9es au risque du paludisme. D\u2019autres outils soutiennent la planification et la gestion des campagnes de distribution de MII, tels que la bo\u00eete \u00e0 outils pour les campagnes de distribution massive, propos\u00e9e par l\u2019Alliance pour la pr\u00e9vention du paludisme et ses partenaires, et disponible \u00e0 l\u2019adresse <a href=\"http:\/\/allianceformalariaprevention.com\/amp-tools\/amp-toolkit\/\">http:\/\/allianceformalariaprevention.com\/amp-tools\/amp-toolkit\/<\/a>.<\/p>\n<h2>Que contiennent ce guide et cette bo\u00eete \u00e0 outils\u00a0?<\/h2>\n<p>Ce guide contient des informations et ressources propos\u00e9es dans un grand nombre de formats, afin de garantir que les besoins de chaque utilisateur de cette bo\u00eete \u00e0 outils soient satisfaits le plus efficacement possible.<\/p>\n<p>La section <a href=\"https:\/\/www.continuousdistribution.org\/fr\/contexte\/\">Contexte<\/a>\u00a0propose des informations g\u00e9n\u00e9rales relatives \u00e0 la planification globale de strat\u00e9gies de distribution de MII et \u00e0 la distribution continue (DC) en particulier, ainsi que des recommandations internationales, des orientations et une br\u00e8ve description des diff\u00e9rents canaux de DC disponibles. Cette section sera particuli\u00e8rement utile aux utilisateurs cherchant \u00e0 ancrer leur d\u00e9marche initiale de planification et de r\u00e9flexion dans le contexte de politiques et strat\u00e9gies globales en mati\u00e8re de MII.<\/p>\n<p>La section <a href=\"https:\/\/www.continuousdistribution.org\/fr\/choisir-dun-canal-de-cd\/\">Choix des canaux de DC<\/a> est un guide pas \u00e0 pas qui aide \u00e0 s\u00e9lectionner les canaux de DC les mieux adapt\u00e9s \u00e0 un contexte donn\u00e9. La s\u00e9lection des canaux sera document\u00e9e dans la section DC de la strat\u00e9gie nationale en mati\u00e8re de MII. Des outils et mod\u00e8les sont fournis lorsque cela est pertinent.<\/p>\n<p>La section <a href=\"https:\/\/www.continuousdistribution.org\/fr\/etapes-pour-la-mise-en-oeuvre\/\">\u00c9tapes de mise en \u0153uvre de la DC<\/a>\u00a0est un guide pas \u00e0 pas con\u00e7u pour soutenir le processus de planification et de mise en \u0153uvre d\u2019un canal DC sp\u00e9cifique. Des outils et mod\u00e8les \u00e0 l\u2019appui des activit\u00e9s de planification et de gestion sont fournis lorsque cela est pertinent.<\/p>\n<p>La section <a href=\"https:\/\/www.continuousdistribution.org\/fr\/exemples-pays\/\">Exemples par pays<\/a>\u00a0pr\u00e9sente des strat\u00e9gies et plans de mise en \u0153uvre en mati\u00e8re de MII \u00e9labor\u00e9s par les pays partenaires, ainsi que des exemples de mise en \u0153uvre des canaux de DC dans chaque pays.<\/p>\n<p>La section <a href=\"https:\/\/www.continuousdistribution.org\/fr\/ressources\/\">Ressources<\/a>\u00a0regroupe et permet de t\u00e9l\u00e9charger tous les documents, outils et mod\u00e8les mentionn\u00e9s dans l\u2019ensemble de ce site Web.<\/p>\n","protected":false},"excerpt":{"rendered":"<p>\u00c0 quoi servent ce guide et cette bo\u00eete \u00e0 outils en ligne\u00a0? Cette bo\u00eete \u00e0 outils en ligne propose des orientations et outils destin\u00e9s \u00e0 soutenir les planificateurs et responsables de programmes de distribution continue de MII. Ce guide pratique de planification et de gestion vise aussi \u00e0 assurer que toutes les ressources actuellement disponibles&#8230;  <a class=\"excerpt-read-more\" href=\"https:\/\/www.continuousdistribution.org\/fr\/contexte\/utilisation-de-la-boite-a-outils-dc\/\" title=\"ReadUtilisation de la bo\u00eete \u00e0 outils DC\">Read more &raquo;<\/a><\/p>\n","protected":false},"author":1,"featured_media":0,"parent":204,"menu_order":1,"comment_status":"closed","ping_status":"closed","template":"","meta":{"_acf_changed":false,"inline_featured_image":false,"footnotes":""},"class_list":["post-280","page","type-page","status-publish","hentry"],"acf":[],"aioseo_notices":[],"_links":{"self":[{"href":"https:\/\/www.continuousdistribution.org\/fr\/wp-json\/wp\/v2\/pages\/280","targetHints":{"allow":["GET"]}}],"collection":[{"href":"https:\/\/www.continuousdistribution.org\/fr\/wp-json\/wp\/v2\/pages"}],"about":[{"href":"https:\/\/www.continuousdistribution.org\/fr\/wp-json\/wp\/v2\/types\/page"}],"author":[{"embeddable":true,"href":"https:\/\/www.continuousdistribution.org\/fr\/wp-json\/wp\/v2\/users\/1"}],"replies":[{"embeddable":true,"href":"https:\/\/www.continuousdistribution.org\/fr\/wp-json\/wp\/v2\/comments?post=280"}],"version-history":[{"count":0,"href":"https:\/\/www.continuousdistribution.org\/fr\/wp-json\/wp\/v2\/pages\/280\/revisions"}],"up":[{"embeddable":true,"href":"https:\/\/www.continuousdistribution.org\/fr\/wp-json\/wp\/v2\/pages\/204"}],"wp:attachment":[{"href":"https:\/\/www.continuousdistribution.org\/fr\/wp-json\/wp\/v2\/media?parent=280"}],"curies":[{"name":"wp","href":"https:\/\/api.w.org\/{rel}","templated":true}]}}