{"id":278,"date":"2022-02-14T20:19:24","date_gmt":"2022-02-14T20:19:24","guid":{"rendered":"https:\/\/cd.studio91.ca\/?page_id=278"},"modified":"2022-03-08T08:21:53","modified_gmt":"2022-03-08T13:21:53","slug":"limportance-du-maintien-de-la-dc-lors-de-campagnes-de-distribution-massive","status":"publish","type":"page","link":"https:\/\/www.continuousdistribution.org\/fr\/contexte\/limportance-du-maintien-de-la-dc-lors-de-campagnes-de-distribution-massive\/","title":{"rendered":"L&rsquo;importance du maintien de la DC lors de campagnes de distribution massive"},"content":{"rendered":"<p>Les d\u00e9ficits de financement des campagnes de distribution massive entra\u00eenent parfois la r\u00e9affectation de MII depuis les canaux de distribution syst\u00e9matique afin de combler les lacunes lors de ces campagnes<sup><a href=\"#_ftn1\" name=\"_ftnref1\">[1]<\/a><\/sup>, provoquant des ruptures de stocks et la suspension des livraisons de MII aux cliniques de SPN et PEV. M\u00eame si les campagnes de distribution massive \u00e0 couverture universelle peuvent, en th\u00e9orie, profiter aux femmes enceintes et aux enfants, le d\u00e9ploiement des campagnes dans l&rsquo;ensemble des r\u00e9gions et districts d&rsquo;un pays prend souvent des mois, voire des ann\u00e9es. En cons\u00e9quence, beaucoup de femmes enceintes et d&rsquo;enfants qui pourraient autrement recevoir une MII par le biais de services de sant\u00e9 de routine ne peuvent pas en b\u00e9n\u00e9ficier s&rsquo;ils attendent qu&rsquo;une campagne atteigne leur r\u00e9gion. On constate par ailleurs que la distribution de MII entra\u00eene une hausse du nombre de consultations pr\u00e9natales chez les femmes enceintes. Cela envoie \u00e9galement un puissant message aux m\u00e8res sur l&rsquo;importance d&rsquo;utiliser une MII pendant leur grossesse. Il est par cons\u00e9quent primordial de poursuivre la distribution de routine de MII pendant les campagnes de distribution massive afin de s&rsquo;assurer que les femmes enceintes b\u00e9n\u00e9ficient de toute l&rsquo;\u00e9tendue des services pr\u00e9natals, et de les encourager \u00e0 utiliser une MII.<\/p>\n<p>En r\u00e9ponse \u00e0 cette tendance, l&rsquo;OMS a mis \u00e0 jour ses orientations en 2013 afin de souligner l&rsquo;importance de d\u00e9ployer la distribution de MII par le biais des services de SPN et de PEV et d&rsquo;assurer que ces canaux demeurent op\u00e9rationnels tout au long du processus de planification et de mise en \u0153uvre d&rsquo;une campagne de distribution massive. Le document stipule en particulier que, pour maintenir une couverture universelle, les pays doivent r\u00e9aliser \u00e0 la fois des distributions massives gratuites et des distributions continues par le biais de multiples canaux, <em>en particulier les services pr\u00e9natals et d&rsquo;immunisation<\/em>* (l&rsquo;accent \u00e9tant mis sur ce dernier point). Par ailleurs, les canaux de distribution continue doivent \u00eatre op\u00e9rationnels avant, pendant et apr\u00e8s les campagnes de distribution massive pour assurer un acc\u00e8s universel ininterrompu aux MII <sup><a href=\"#_ftn2\" name=\"_ftnref2\">[2]<\/a><\/sup>.<\/p>\n<p>Afin de concilier la n\u00e9cessit\u00e9 d&rsquo;assurer une couverture universelle et de procurer aux femmes enceintes et aux enfants un acc\u00e8s prioritaire, les pays doivent planifier leurs engagement de financement au moins deux ans \u00e0 l&rsquo;avance pour veiller \u00e0 ce que suffisamment de MII soient disponibles, tant pour les campagnes de distribution syst\u00e9matique que pour les campagnes de distribution massive. S&rsquo;il reste des p\u00e9nuries de produits, la distribution de routine doit rester prioritaire pour un grand nombre des raisons d\u00e9crites concernant la <a href=\"https:\/\/www.continuousdistribution.org\/fr\/contexte\/couverture-universelle\/\">couverture universelle<\/a> : les femmes enceintes et les enfants de moins de 5 ans sont biologiquement vuln\u00e9rables au paludisme. La distribution de MII par le biais des services de soins pr\u00e9natals permet aux femmes d&rsquo;acc\u00e9der aux moustiquaires d\u00e8s leur premier trimestre de grossesse. En promouvant la distribution par l\u2019interm\u00e9diaire des \u00e9tablissements de sant\u00e9, les femmes enceintes et les aidants sont encourag\u00e9s \u00e0 faire appel aux services de SPN et de PEV, ce qui garantit ainsi leur acc\u00e8s \u00e0 d&rsquo;autres services vitaux <sup><a href=\"#_ftn3\" name=\"_ftnref2\">[3]<\/a><\/sup>.<\/p>\n<hr \/>\n<p><a href=\"#_ftnref1\" name=\"_ftn1\">[1]<\/a> Hill et al. (2014) Prioritizing Pregnant Women for Long-Lasting Insecticide-Treated Nets through Antenatal Care Clinics (Donner aux femmes enceintes un acc\u00e8s prioritaire aux moustiquaires impr\u00e9gn\u00e9es d\u2019insecticide \u00e0 longue dur\u00e9e d\u2019action par le biais des cliniques pr\u00e9natales). <a href=\"http:\/\/journals.plos.org\/plosmedicine\/article?id=10.1371\/journal.pmed.1001717\" target=\"_blank\" rel=\"noopener\">PLoS Med<\/a>, 11:9.<\/p>\n<p><a href=\"#_ftnref2\" name=\"_ftn2\">[2]<\/a> Organisation mondiale de la Sant\u00e9. (2014) <a href=https:\/\/www.afro.who.int\/publications\/who-recommendations-achieving-universal-coverage-long-lasting-insecticidal-nets\" target=\"_blank\">WHO recommendations for achieving universal coverage with long-lasting insecticidal nets in malaria control<\/a> (Recommandations de l&rsquo;OMS pour atteindre une couverture universelle en moustiquaires impr\u00e9gn\u00e9es d\u2019insecticide \u00e0 longue dur\u00e9e d\u2019action dans le cadre de la lutte contre le paludisme).<\/p>\n<p><a href=\"#_ftnref3\" name=\"_ftn2\">[3]<\/a> Hill et al. (2014) Prioritizing Pregnant Women for Long-Lasting Insecticide-Treated Nets through Antenatal Care Clinics (Donner aux femmes enceintes un acc\u00e8s prioritaire aux moustiquaires impr\u00e9gn\u00e9es d\u2019insecticide \u00e0 longue dur\u00e9e d\u2019action par le biais des cliniques pr\u00e9natales). <a href=\"http:\/\/journals.plos.org\/plosmedicine\/article?id=10.1371\/journal.pmed.1001717\" target=\"_blank\" rel=\"noopener\">PLoS Med<\/a>, 11:9.<\/p>\n","protected":false},"excerpt":{"rendered":"<p>Les d\u00e9ficits de financement des campagnes de distribution massive entra\u00eenent parfois la r\u00e9affectation de MII depuis les canaux de distribution syst\u00e9matique afin de combler les lacunes lors de ces campagnes[1], provoquant des ruptures de stocks et la suspension des livraisons de MII aux cliniques de SPN et PEV. M\u00eame si les campagnes de distribution massive&#8230;  <a class=\"excerpt-read-more\" href=\"https:\/\/www.continuousdistribution.org\/fr\/contexte\/limportance-du-maintien-de-la-dc-lors-de-campagnes-de-distribution-massive\/\" title=\"ReadL&rsquo;importance du maintien de la DC lors de campagnes de distribution massive\">Read more &raquo;<\/a><\/p>\n","protected":false},"author":1,"featured_media":0,"parent":204,"menu_order":4,"comment_status":"closed","ping_status":"closed","template":"","meta":{"_acf_changed":false,"inline_featured_image":false,"footnotes":""},"class_list":["post-278","page","type-page","status-publish","hentry"],"acf":[],"aioseo_notices":[],"_links":{"self":[{"href":"https:\/\/www.continuousdistribution.org\/fr\/wp-json\/wp\/v2\/pages\/278","targetHints":{"allow":["GET"]}}],"collection":[{"href":"https:\/\/www.continuousdistribution.org\/fr\/wp-json\/wp\/v2\/pages"}],"about":[{"href":"https:\/\/www.continuousdistribution.org\/fr\/wp-json\/wp\/v2\/types\/page"}],"author":[{"embeddable":true,"href":"https:\/\/www.continuousdistribution.org\/fr\/wp-json\/wp\/v2\/users\/1"}],"replies":[{"embeddable":true,"href":"https:\/\/www.continuousdistribution.org\/fr\/wp-json\/wp\/v2\/comments?post=278"}],"version-history":[{"count":0,"href":"https:\/\/www.continuousdistribution.org\/fr\/wp-json\/wp\/v2\/pages\/278\/revisions"}],"up":[{"embeddable":true,"href":"https:\/\/www.continuousdistribution.org\/fr\/wp-json\/wp\/v2\/pages\/204"}],"wp:attachment":[{"href":"https:\/\/www.continuousdistribution.org\/fr\/wp-json\/wp\/v2\/media?parent=278"}],"curies":[{"name":"wp","href":"https:\/\/api.w.org\/{rel}","templated":true}]}}