{"id":273,"date":"2022-02-14T20:18:26","date_gmt":"2022-02-14T20:18:26","guid":{"rendered":"https:\/\/cd.studio91.ca\/?page_id=273"},"modified":"2022-03-07T15:35:15","modified_gmt":"2022-03-07T20:35:15","slug":"arbre-de-decision-strategie-de-distribution-mii","status":"publish","type":"page","link":"https:\/\/www.continuousdistribution.org\/fr\/contexte\/arbre-de-decision-strategie-de-distribution-mii\/","title":{"rendered":"Arbre de d\u00e9cision: Strat\u00e9gie de distribution MII"},"content":{"rendered":"<h2>Contexte:<\/h2>\n<ul>\n<li>Il existe une vari\u00e9t\u00e9 d\u2019options pour les canaux \u00e0 utiliser pour atteindre et maintenir un acc\u00e8s universel aux\u00a0<abbr class=\"c2c-text-hover\" title=\"moustiquaires impr\u00e9gn\u00e9es d'insecticide\">MII<\/abbr>. Cet organigramme vous guide dans les consid\u00e9rations principales.<\/li>\n<li>Les campagnes de masse sont aussi rentables que les syst\u00e8mes de distribution continue \u00e0 grande \u00e9chelle dans les \u00e9coles ou les communaut\u00e9s.<\/li>\n<li>Les campagnes de masse et l\u2019\u00e9cole \/ la communaut\u00e9 en dehors de la campagne ne sont rentables que dans les zones de transmission \u00e9lev\u00e9s.<\/li>\n<\/ul>\n<h2>Hypoth\u00e8ses :<\/h2>\n<ul>\n<li>Les pays qui utilisent cet organigramme sont curieux de savoir si des alternatives aux campagnes de masse leur conviennent.<\/li>\n<li>L\u2019organigramme suppose un certain degr\u00e9 de volont\u00e9 politique \/ volont\u00e9 d\u2019explorer d\u2019autres strat\u00e9gies de MII. Il y a toujours la possibilit\u00e9 de rester avec une strat\u00e9gie de campagnes de masse + la CPN \/\u00a0<abbr class=\"c2c-text-hover\" title=\"Programme \u00e9largi de vaccination\">PEV<\/abbr>.<\/li>\n<li>L\u2019organigramme peut \u00eatre utilis\u00e9 au niveau national ou sous-national (pour une r\u00e9gion particuli\u00e8re ou un ensemble de r\u00e9gions pr\u00e9sentant des caract\u00e9ristiques similaires, par exemple).<\/li>\n<li>L\u2019organigramme suppose que les pays vont mettre \u00e0 l\u2019\u00e9chelle l\u2019acc\u00e8s aux MII avec une campagne de masse avant de lancer des canaux continus \u00e0 grande \u00e9chelle.<\/li>\n<\/ul>\n<p>Acc\u00e9dez au fichier <a href=\"https:\/\/www.continuousdistribution.org\/wp-content\/uploads\/2022\/02\/IM.8.3-CD-Decision-Tree_FRE.pptx\" target=\"_blank\" rel=\"noopener\">ici<\/a>\u00a0[PowerPoint].<\/p>\n","protected":false},"excerpt":{"rendered":"<p>Contexte: Il existe une vari\u00e9t\u00e9 d\u2019options pour les canaux \u00e0 utiliser pour atteindre et maintenir un acc\u00e8s universel aux\u00a0MII. Cet organigramme vous guide dans les consid\u00e9rations principales. Les campagnes de masse sont aussi rentables que les syst\u00e8mes de distribution continue \u00e0 grande \u00e9chelle dans les \u00e9coles ou les communaut\u00e9s. Les campagnes de masse et l\u2019\u00e9cole&#8230;  <a class=\"excerpt-read-more\" href=\"https:\/\/www.continuousdistribution.org\/fr\/contexte\/arbre-de-decision-strategie-de-distribution-mii\/\" title=\"ReadArbre de d\u00e9cision: Strat\u00e9gie de distribution MII\">Read more &raquo;<\/a><\/p>\n","protected":false},"author":1,"featured_media":0,"parent":204,"menu_order":6,"comment_status":"closed","ping_status":"closed","template":"","meta":{"_acf_changed":false,"inline_featured_image":false,"footnotes":""},"class_list":["post-273","page","type-page","status-publish","hentry"],"acf":[],"aioseo_notices":[],"_links":{"self":[{"href":"https:\/\/www.continuousdistribution.org\/fr\/wp-json\/wp\/v2\/pages\/273","targetHints":{"allow":["GET"]}}],"collection":[{"href":"https:\/\/www.continuousdistribution.org\/fr\/wp-json\/wp\/v2\/pages"}],"about":[{"href":"https:\/\/www.continuousdistribution.org\/fr\/wp-json\/wp\/v2\/types\/page"}],"author":[{"embeddable":true,"href":"https:\/\/www.continuousdistribution.org\/fr\/wp-json\/wp\/v2\/users\/1"}],"replies":[{"embeddable":true,"href":"https:\/\/www.continuousdistribution.org\/fr\/wp-json\/wp\/v2\/comments?post=273"}],"version-history":[{"count":0,"href":"https:\/\/www.continuousdistribution.org\/fr\/wp-json\/wp\/v2\/pages\/273\/revisions"}],"up":[{"embeddable":true,"href":"https:\/\/www.continuousdistribution.org\/fr\/wp-json\/wp\/v2\/pages\/204"}],"wp:attachment":[{"href":"https:\/\/www.continuousdistribution.org\/fr\/wp-json\/wp\/v2\/media?parent=273"}],"curies":[{"name":"wp","href":"https:\/\/api.w.org\/{rel}","templated":true}]}}