{"id":206,"date":"2021-09-30T01:34:15","date_gmt":"2021-09-30T01:34:15","guid":{"rendered":"http:\/\/cdt\/?page_id=206"},"modified":"2022-03-09T17:48:26","modified_gmt":"2022-03-09T22:48:26","slug":"choisir-dun-canal-de-cd","status":"publish","type":"page","link":"https:\/\/www.continuousdistribution.org\/fr\/choisir-dun-canal-de-cd\/","title":{"rendered":"Choisir d&rsquo;un canal de CD"},"content":{"rendered":"<p>Avant de se lancer dans la mise en \u0153uvre d\u2019un canal de distribution continue, il est important de choisir le ou les canaux adapt\u00e9s dans un contexte national donn\u00e9. Cette section explique aux planificateurs les \u00e9tapes intervenant dans la s\u00e9lection d\u2019un mix appropri\u00e9 de canaux de distribution continue (DC).<\/p>\n","protected":false},"excerpt":{"rendered":"<p>Avant de se lancer dans la mise en \u0153uvre d\u2019un canal de distribution continue, il est important de choisir le ou les canaux adapt\u00e9s dans un contexte national donn\u00e9. Cette section explique aux planificateurs les \u00e9tapes intervenant dans la s\u00e9lection d\u2019un mix appropri\u00e9 de canaux de distribution continue (DC).<\/p>\n","protected":false},"author":1,"featured_media":0,"parent":0,"menu_order":2,"comment_status":"closed","ping_status":"closed","template":"","meta":{"_acf_changed":false,"inline_featured_image":false,"footnotes":""},"class_list":["post-206","page","type-page","status-publish","hentry"],"acf":[],"aioseo_notices":[],"_links":{"self":[{"href":"https:\/\/www.continuousdistribution.org\/fr\/wp-json\/wp\/v2\/pages\/206","targetHints":{"allow":["GET"]}}],"collection":[{"href":"https:\/\/www.continuousdistribution.org\/fr\/wp-json\/wp\/v2\/pages"}],"about":[{"href":"https:\/\/www.continuousdistribution.org\/fr\/wp-json\/wp\/v2\/types\/page"}],"author":[{"embeddable":true,"href":"https:\/\/www.continuousdistribution.org\/fr\/wp-json\/wp\/v2\/users\/1"}],"replies":[{"embeddable":true,"href":"https:\/\/www.continuousdistribution.org\/fr\/wp-json\/wp\/v2\/comments?post=206"}],"version-history":[{"count":0,"href":"https:\/\/www.continuousdistribution.org\/fr\/wp-json\/wp\/v2\/pages\/206\/revisions"}],"wp:attachment":[{"href":"https:\/\/www.continuousdistribution.org\/fr\/wp-json\/wp\/v2\/media?parent=206"}],"curies":[{"name":"wp","href":"https:\/\/api.w.org\/{rel}","templated":true}]}}